{"id":1286,"date":"2023-01-10T16:52:39","date_gmt":"2023-01-10T14:52:39","guid":{"rendered":"https:\/\/seulatek.fi\/fi\/?page_id=1286"},"modified":"2023-06-07T14:50:33","modified_gmt":"2023-06-07T11:50:33","slug":"kulutuskumit","status":"publish","type":"page","link":"https:\/\/seulatek.fi\/fi\/tuotteet\/kulutuskumit\/","title":{"rendered":"Kulutuskumit"},"content":{"rendered":"<style>.kb-row-layout-id_822bb8-37 > .kt-row-column-wrap{align-content:start;}:where(.kb-row-layout-id_822bb8-37 > .kt-row-column-wrap) > .wp-block-kadence-column{justify-content:start;}.kb-row-layout-id_822bb8-37 > .kt-row-column-wrap{column-gap:var(--global-kb-gap-md, 2rem);row-gap:var(--global-kb-gap-md, 2rem);max-width:800px;margin-left:auto;margin-right:auto;padding-top:0px;padding-bottom:0px;grid-template-columns:minmax(0, 1fr);}.kb-row-layout-id_822bb8-37 > .kt-row-layout-overlay{opacity:0.30;}@media all and (max-width: 1024px){.kb-row-layout-id_822bb8-37 > .kt-row-column-wrap{grid-template-columns:minmax(0, 1fr);}}@media all and (max-width: 767px){.kb-row-layout-id_822bb8-37 > .kt-row-column-wrap{grid-template-columns:minmax(0, 1fr);}}<\/style><div class=\"kb-row-layout-wrap kb-row-layout-id_822bb8-37 alignfull dos-product-intro wp-block-kadence-rowlayout\"><div class=\"kt-row-column-wrap kt-has-1-columns kt-row-layout-equal kt-tab-layout-inherit kt-mobile-layout-row kt-row-valign-top\">\n<style>.kadence-column_5e601d-36 > .kt-inside-inner-col,.kadence-column_5e601d-36 > .kt-inside-inner-col:before{border-top-left-radius:0px;border-top-right-radius:0px;border-bottom-right-radius:0px;border-bottom-left-radius:0px;}.kadence-column_5e601d-36 > .kt-inside-inner-col{column-gap:var(--global-kb-gap-sm, 1rem);}.kadence-column_5e601d-36 > .kt-inside-inner-col{flex-direction:column;}.kadence-column_5e601d-36 > .kt-inside-inner-col > .aligncenter{width:100%;}.kadence-column_5e601d-36 > .kt-inside-inner-col:before{opacity:0.3;}.kadence-column_5e601d-36{position:relative;}@media all and (max-width: 1024px){.kadence-column_5e601d-36 > .kt-inside-inner-col{flex-direction:column;justify-content:center;}}@media all and (max-width: 767px){.kadence-column_5e601d-36 > .kt-inside-inner-col{flex-direction:column;justify-content:center;}}<\/style>\n<div class=\"wp-block-kadence-column kadence-column_5e601d-36 inner-column-1\"><div class=\"kt-inside-inner-col\">\n<p class=\"has-text-align-center\">Varastostamme l\u00f6ytyy valmiina erilaisia kulutuskumituotteita. Kulutuskumilla on hyv\u00e4 kulutuskest\u00e4vyys, soveltuu useaan eri k\u00e4ytt\u00f6tarkoitukseen.<\/p>\n\n\n\n<div class=\"wp-block-buttons is-content-justification-center is-layout-flex wp-container-core-buttons-is-layout-a89b3969 wp-block-buttons-is-layout-flex\">\n<div class=\"wp-block-button dos-button-outline-blue\"><a class=\"wp-block-button__link wp-element-button\" href=\"https:\/\/seulatek.fi\/fi\/tuotekuvasto\/\">Avaa tuotekuvasto<\/a><\/div>\n<\/div>\n<\/div><\/div>\n\n<\/div><\/div>\n\n<style>.kb-row-layout-id_0761d1-a9 > .kt-row-column-wrap{align-content:start;}:where(.kb-row-layout-id_0761d1-a9 > .kt-row-column-wrap) > .wp-block-kadence-column{justify-content:start;}.kb-row-layout-id_0761d1-a9 > .kt-row-column-wrap{column-gap:var(--global-kb-gap-md, 2rem);row-gap:var(--global-kb-gap-md, 2rem);max-width:var(--wp--style--global--content-size);padding-top:0px;padding-bottom:0px;grid-template-columns:minmax(0, 1fr);}.kb-row-layout-id_0761d1-a9 > .kt-row-layout-overlay{opacity:0.30;}@media all and (max-width: 1024px){.kb-row-layout-id_0761d1-a9 > .kt-row-column-wrap{grid-template-columns:minmax(0, 1fr);}}@media all and (max-width: 767px){.kb-row-layout-id_0761d1-a9 > .kt-row-column-wrap{grid-template-columns:minmax(0, 1fr);}}<\/style><div class=\"kb-row-layout-wrap kb-row-layout-id_0761d1-a9 alignfull dos-product-row wp-block-kadence-rowlayout\"><div class=\"kt-row-column-wrap kt-has-1-columns kt-row-layout-equal kt-tab-layout-inherit kt-mobile-layout-row kt-row-valign-top kb-theme-content-width\">\n<style>.kadence-column_3d355e-db > .kt-inside-inner-col,.kadence-column_3d355e-db > .kt-inside-inner-col:before{border-top-left-radius:0px;border-top-right-radius:0px;border-bottom-right-radius:0px;border-bottom-left-radius:0px;}.kadence-column_3d355e-db > .kt-inside-inner-col{column-gap:var(--global-kb-gap-sm, 1rem);}.kadence-column_3d355e-db > .kt-inside-inner-col{flex-direction:column;}.kadence-column_3d355e-db > .kt-inside-inner-col > .aligncenter{width:100%;}.kadence-column_3d355e-db > .kt-inside-inner-col:before{opacity:0.3;}.kadence-column_3d355e-db{position:relative;}@media all and (max-width: 1024px){.kadence-column_3d355e-db > .kt-inside-inner-col{flex-direction:column;justify-content:center;}}@media all and (max-width: 767px){.kadence-column_3d355e-db > .kt-inside-inner-col{flex-direction:column;justify-content:center;}}<\/style>\n<div class=\"wp-block-kadence-column kadence-column_3d355e-db inner-column-1\"><div class=\"kt-inside-inner-col\">\n<div class=\"wp-block-query alignwide is-layout-constrained wp-block-query-is-layout-constrained\"><ul class=\"wp-block-post-template is-layout-flow wp-block-post-template-is-layout-flow\"><li class=\"wp-block-post post-1268 post type-post status-publish format-standard has-post-thumbnail hentry category-kulutuskumit\">\n\n<div class=\"wp-block-columns alignwide is-layout-flex wp-container-core-columns-is-layout-28f84493 wp-block-columns-is-layout-flex\">\n<div class=\"wp-block-column is-vertically-aligned-center is-layout-flow wp-block-column-is-layout-flow\" style=\"flex-basis:33.33%\"><h2 class=\"wp-block-post-title\">Reunakumi<\/h2>\n\n<div class=\"wp-block-post-excerpt\"><p class=\"wp-block-post-excerpt__excerpt\">Valikoimastamme l\u00f6ytyy useita eri vahvuisia sek\u00e4 levyisi\u00e4 reunakumeja. <\/p><\/div><\/div>\n\n\n\n<div class=\"wp-block-column is-layout-flow wp-block-column-is-layout-flow\" style=\"flex-basis:66.66%\"><figure class=\"wp-block-post-featured-image\"><img loading=\"lazy\" decoding=\"async\" width=\"650\" height=\"406\" src=\"https:\/\/seulatek.fi\/wp-content\/uploads\/Reunakumi.jpg\" class=\"attachment-post-thumbnail size-post-thumbnail wp-post-image\" alt=\"Reunakumi tuotekuva\" style=\"object-fit:cover;\" srcset=\"https:\/\/seulatek.fi\/wp-content\/uploads\/Reunakumi.jpg 650w, https:\/\/seulatek.fi\/wp-content\/uploads\/Reunakumi-600x375.jpg 600w\" sizes=\"auto, (max-width: 650px) 100vw, 650px\" \/><\/figure><\/div>\n<\/div>\n\n<\/li><li class=\"wp-block-post post-1271 post type-post status-publish format-standard has-post-thumbnail hentry category-kulutuskumit\">\n\n<div class=\"wp-block-columns alignwide is-layout-flex wp-container-core-columns-is-layout-28f84493 wp-block-columns-is-layout-flex\">\n<div class=\"wp-block-column is-vertically-aligned-center is-layout-flow wp-block-column-is-layout-flow\" style=\"flex-basis:33.33%\"><h2 class=\"wp-block-post-title\">Kulutuskumi<\/h2>\n\n<div class=\"wp-block-post-excerpt\"><p class=\"wp-block-post-excerpt__excerpt\">Valikoimastamme l\u00f6ytyy 1500 mm leve\u00e4\u00e4 kulutuskumia. Paksuudet 10 mm, 15 mm, 20 mm sek\u00e4 30 mm. <\/p><\/div><\/div>\n\n\n\n<div class=\"wp-block-column is-layout-flow wp-block-column-is-layout-flow\" style=\"flex-basis:66.66%\"><figure class=\"wp-block-post-featured-image\"><img loading=\"lazy\" decoding=\"async\" width=\"650\" height=\"406\" src=\"https:\/\/seulatek.fi\/wp-content\/uploads\/Kulutuskumi.jpg\" class=\"attachment-post-thumbnail size-post-thumbnail wp-post-image\" alt=\"Kulutuskumi tuotekuva\" style=\"object-fit:cover;\" srcset=\"https:\/\/seulatek.fi\/wp-content\/uploads\/Kulutuskumi.jpg 650w, https:\/\/seulatek.fi\/wp-content\/uploads\/Kulutuskumi-600x375.jpg 600w\" sizes=\"auto, (max-width: 650px) 100vw, 650px\" \/><\/figure><\/div>\n<\/div>\n\n<\/li><li class=\"wp-block-post post-1274 post type-post status-publish format-standard has-post-thumbnail hentry category-kulutuskumit\">\n\n<div class=\"wp-block-columns alignwide is-layout-flex wp-container-core-columns-is-layout-28f84493 wp-block-columns-is-layout-flex\">\n<div class=\"wp-block-column is-vertically-aligned-center is-layout-flow wp-block-column-is-layout-flow\" style=\"flex-basis:33.33%\"><h2 class=\"wp-block-post-title\">Reunalista<\/h2>\n\n<div class=\"wp-block-post-excerpt\"><p class=\"wp-block-post-excerpt__excerpt\">Seulaverkon reunaan kiinnitett\u00e4v\u00e4 tiivistelista, joka est\u00e4\u00e4 materiaalin valumisen reunasta l\u00e4pi. Valikoimasta l\u00f6ytyy kumi sek\u00e4 silikonilistoja <\/p><\/div><\/div>\n\n\n\n<div class=\"wp-block-column is-layout-flow wp-block-column-is-layout-flow\" style=\"flex-basis:66.66%\"><figure class=\"wp-block-post-featured-image\"><img loading=\"lazy\" decoding=\"async\" width=\"650\" height=\"406\" src=\"https:\/\/seulatek.fi\/wp-content\/uploads\/Reunalista.jpg\" class=\"attachment-post-thumbnail size-post-thumbnail wp-post-image\" alt=\"Reunalista tuotekuva\" style=\"object-fit:cover;\" srcset=\"https:\/\/seulatek.fi\/wp-content\/uploads\/Reunalista.jpg 650w, https:\/\/seulatek.fi\/wp-content\/uploads\/Reunalista-600x375.jpg 600w\" sizes=\"auto, (max-width: 650px) 100vw, 650px\" \/><\/figure><\/div>\n<\/div>\n\n<\/li><li class=\"wp-block-post post-1277 post type-post status-publish format-standard has-post-thumbnail hentry category-kulutuskumit\">\n\n<div class=\"wp-block-columns alignwide is-layout-flex wp-container-core-columns-is-layout-28f84493 wp-block-columns-is-layout-flex\">\n<div class=\"wp-block-column is-vertically-aligned-center is-layout-flow wp-block-column-is-layout-flow\" style=\"flex-basis:33.33%\"><h2 class=\"wp-block-post-title\">Kumiprofiili 1<\/h2>\n\n<div class=\"wp-block-post-excerpt\"><p class=\"wp-block-post-excerpt__excerpt\"> <\/p><\/div><\/div>\n\n\n\n<div class=\"wp-block-column is-layout-flow wp-block-column-is-layout-flow\" style=\"flex-basis:66.66%\"><figure class=\"wp-block-post-featured-image\"><img loading=\"lazy\" decoding=\"async\" width=\"650\" height=\"406\" src=\"https:\/\/seulatek.fi\/wp-content\/uploads\/Kumiprofiili-1.jpg\" class=\"attachment-post-thumbnail size-post-thumbnail wp-post-image\" alt=\"Kumiprofiili 1 tuotekuva\" style=\"object-fit:cover;\" srcset=\"https:\/\/seulatek.fi\/wp-content\/uploads\/Kumiprofiili-1.jpg 650w, https:\/\/seulatek.fi\/wp-content\/uploads\/Kumiprofiili-1-600x375.jpg 600w\" sizes=\"auto, (max-width: 650px) 100vw, 650px\" \/><\/figure><\/div>\n<\/div>\n\n<\/li><li class=\"wp-block-post post-1280 post type-post status-publish format-standard has-post-thumbnail hentry category-kulutuskumit\">\n\n<div class=\"wp-block-columns alignwide is-layout-flex wp-container-core-columns-is-layout-28f84493 wp-block-columns-is-layout-flex\">\n<div class=\"wp-block-column is-vertically-aligned-center is-layout-flow wp-block-column-is-layout-flow\" style=\"flex-basis:33.33%\"><h2 class=\"wp-block-post-title\">Kumiprofiili 2<\/h2>\n\n<div class=\"wp-block-post-excerpt\"><p class=\"wp-block-post-excerpt__excerpt\"> <\/p><\/div><\/div>\n\n\n\n<div class=\"wp-block-column is-layout-flow wp-block-column-is-layout-flow\" style=\"flex-basis:66.66%\"><figure class=\"wp-block-post-featured-image\"><img loading=\"lazy\" decoding=\"async\" width=\"650\" height=\"406\" src=\"https:\/\/seulatek.fi\/wp-content\/uploads\/Kumiprofiili-2.jpg\" class=\"attachment-post-thumbnail size-post-thumbnail wp-post-image\" alt=\"Kumiprofiili 2 tuotekuva\" style=\"object-fit:cover;\" srcset=\"https:\/\/seulatek.fi\/wp-content\/uploads\/Kumiprofiili-2.jpg 650w, https:\/\/seulatek.fi\/wp-content\/uploads\/Kumiprofiili-2-600x375.jpg 600w\" sizes=\"auto, (max-width: 650px) 100vw, 650px\" \/><\/figure><\/div>\n<\/div>\n\n<\/li><li class=\"wp-block-post post-1283 post type-post status-publish format-standard has-post-thumbnail hentry category-kulutuskumit\">\n\n<div class=\"wp-block-columns alignwide is-layout-flex wp-container-core-columns-is-layout-28f84493 wp-block-columns-is-layout-flex\">\n<div class=\"wp-block-column is-vertically-aligned-center is-layout-flow wp-block-column-is-layout-flow\" style=\"flex-basis:33.33%\"><h2 class=\"wp-block-post-title\">Kumiprofiili 3<\/h2>\n\n<div class=\"wp-block-post-excerpt\"><p class=\"wp-block-post-excerpt__excerpt\"> <\/p><\/div><\/div>\n\n\n\n<div class=\"wp-block-column is-layout-flow wp-block-column-is-layout-flow\" style=\"flex-basis:66.66%\"><figure class=\"wp-block-post-featured-image\"><img loading=\"lazy\" decoding=\"async\" width=\"650\" height=\"406\" src=\"https:\/\/seulatek.fi\/wp-content\/uploads\/Kumiprofiili-3.jpg\" class=\"attachment-post-thumbnail size-post-thumbnail wp-post-image\" alt=\"Kumiprofiili 3 tuotekuva\" style=\"object-fit:cover;\" srcset=\"https:\/\/seulatek.fi\/wp-content\/uploads\/Kumiprofiili-3.jpg 650w, https:\/\/seulatek.fi\/wp-content\/uploads\/Kumiprofiili-3-600x375.jpg 600w\" sizes=\"auto, (max-width: 650px) 100vw, 650px\" \/><\/figure><\/div>\n<\/div>\n\n<\/li><\/ul><\/div>\n<\/div><\/div>\n\n<\/div><\/div>","protected":false},"excerpt":{"rendered":"<p>Varastostamme l\u00f6ytyy valmiina erilaisia kulutuskumituotteita. Kulutuskumilla on hyv\u00e4 kulutuskest\u00e4vyys, soveltuu useaan eri k\u00e4ytt\u00f6tarkoitukseen.<\/p>\n","protected":false},"author":1,"featured_media":0,"parent":18,"menu_order":0,"comment_status":"closed","ping_status":"closed","template":"","meta":{"inline_featured_image":false,"_uag_custom_page_level_css":"","site-sidebar-layout":"default","site-content-layout":"","ast-site-content-layout":"default","site-content-style":"default","site-sidebar-style":"default","ast-global-header-display":"","ast-banner-title-visibility":"","ast-main-header-display":"","ast-hfb-above-header-display":"","ast-hfb-below-header-display":"","ast-hfb-mobile-header-display":"","site-post-title":"","ast-breadcrumbs-content":"","ast-featured-img":"","footer-sml-layout":"","ast-disable-related-posts":"","theme-transparent-header-meta":"","adv-header-id-meta":"","stick-header-meta":"","header-above-stick-meta":"","header-main-stick-meta":"","header-below-stick-meta":"","astra-migrate-meta-layouts":"default","ast-page-background-enabled":"default","ast-page-background-meta":{"desktop":{"background-color":"var(--ast-global-color-4)","background-image":"","background-repeat":"repeat","background-position":"center center","background-size":"auto","background-attachment":"scroll","background-type":"","background-media":"","overlay-type":"","overlay-color":"","overlay-opacity":"","overlay-gradient":""},"tablet":{"background-color":"","background-image":"","background-repeat":"repeat","background-position":"center center","background-size":"auto","background-attachment":"scroll","background-type":"","background-media":"","overlay-type":"","overlay-color":"","overlay-opacity":"","overlay-gradient":""},"mobile":{"background-color":"","background-image":"","background-repeat":"repeat","background-position":"center center","background-size":"auto","background-attachment":"scroll","background-type":"","background-media":"","overlay-type":"","overlay-color":"","overlay-opacity":"","overlay-gradient":""}},"ast-content-background-meta":{"desktop":{"background-color":"var(--ast-global-color-5)","background-image":"","background-repeat":"repeat","background-position":"center center","background-size":"auto","background-attachment":"scroll","background-type":"","background-media":"","overlay-type":"","overlay-color":"","overlay-opacity":"","overlay-gradient":""},"tablet":{"background-color":"var(--ast-global-color-5)","background-image":"","background-repeat":"repeat","background-position":"center center","background-size":"auto","background-attachment":"scroll","background-type":"","background-media":"","overlay-type":"","overlay-color":"","overlay-opacity":"","overlay-gradient":""},"mobile":{"background-color":"var(--ast-global-color-5)","background-image":"","background-repeat":"repeat","background-position":"center center","background-size":"auto","background-attachment":"scroll","background-type":"","background-media":"","overlay-type":"","overlay-color":"","overlay-opacity":"","overlay-gradient":""}},"footnotes":""},"class_list":["post-1286","page","type-page","status-publish","hentry"],"spectra_custom_meta":{"_cdp_origin":["834"],"_cdp_origin_site":["-1"],"_cdp_origin_title":[" Seulaverkot #[Counter]"],"_cdp_counter":["3"],"_edit_last":["1"],"_edit_lock":["1686138818:1"],"_wpml_media_featured":["1"],"_wpml_media_duplicate":["0"],"_wpml_word_count":["{\"total\":30,\"to_translate\":{\"en\":15,\"sv\":15}}"],"_wpml_location_migration_done":["1"],"cmplz_hide_cookiebanner":[""],"_genesis_description":["Varastostamme l\u00f6ytyy valmiina erilaisia kulutuskumituotteita. Kulutuskumilla on hyv\u00e4 kulutuskest\u00e4vyys, soveltuu useaan eri k\u00e4ytt\u00f6tarkoitukseen."],"_uag_page_assets":["a:9:{s:3:\"css\";s:263:\".uag-blocks-common-selector{z-index:var(--z-index-desktop) !important}@media (max-width: 976px){.uag-blocks-common-selector{z-index:var(--z-index-tablet) !important}}@media (max-width: 767px){.uag-blocks-common-selector{z-index:var(--z-index-mobile) !important}}\n\";s:2:\"js\";s:0:\"\";s:18:\"current_block_list\";a:21:{i:0;s:17:\"kadence\/rowlayout\";i:1;s:14:\"kadence\/column\";i:2;s:14:\"core\/paragraph\";i:3;s:12:\"core\/buttons\";i:4;s:11:\"core\/button\";i:7;s:10:\"core\/query\";i:8;s:18:\"core\/post-template\";i:9;s:12:\"core\/columns\";i:10;s:11:\"core\/column\";i:11;s:15:\"core\/post-title\";i:12;s:17:\"core\/post-excerpt\";i:14;s:24:\"core\/post-featured-image\";i:15;s:11:\"core\/search\";i:16;s:10:\"core\/group\";i:17;s:12:\"core\/heading\";i:18;s:17:\"core\/latest-posts\";i:19;s:20:\"core\/latest-comments\";i:20;s:13:\"core\/archives\";i:21;s:15:\"core\/categories\";i:22;s:10:\"core\/image\";i:23;s:13:\"kadence\/posts\";}s:8:\"uag_flag\";b:0;s:11:\"uag_version\";s:10:\"1775925247\";s:6:\"gfonts\";a:0:{}s:10:\"gfonts_url\";s:0:\"\";s:12:\"gfonts_files\";a:0:{}s:14:\"uag_faq_layout\";b:0;}"],"_uag_migration_processed":["1"],"astra_style_timestamp_css":["1775145253"],"_uag_css_file_name":["uag-css-1286.css"]},"uagb_featured_image_src":{"full":false,"thumbnail":false,"medium":false,"medium_large":false,"large":false,"1536x1536":false,"2048x2048":false},"uagb_author_info":{"display_name":"dos-admin","author_link":"https:\/\/seulatek.fi\/fi\/author\/dos-admin\/"},"uagb_comment_info":0,"uagb_excerpt":"Varastostamme l\u00f6ytyy valmiina erilaisia kulutuskumituotteita. Kulutuskumilla on hyv\u00e4 kulutuskest\u00e4vyys, soveltuu useaan eri k\u00e4ytt\u00f6tarkoitukseen.","_links":{"self":[{"href":"https:\/\/seulatek.fi\/fi\/wp-json\/wp\/v2\/pages\/1286","targetHints":{"allow":["GET"]}}],"collection":[{"href":"https:\/\/seulatek.fi\/fi\/wp-json\/wp\/v2\/pages"}],"about":[{"href":"https:\/\/seulatek.fi\/fi\/wp-json\/wp\/v2\/types\/page"}],"author":[{"embeddable":true,"href":"https:\/\/seulatek.fi\/fi\/wp-json\/wp\/v2\/users\/1"}],"replies":[{"embeddable":true,"href":"https:\/\/seulatek.fi\/fi\/wp-json\/wp\/v2\/comments?post=1286"}],"version-history":[{"count":1,"href":"https:\/\/seulatek.fi\/fi\/wp-json\/wp\/v2\/pages\/1286\/revisions"}],"predecessor-version":[{"id":3982,"href":"https:\/\/seulatek.fi\/fi\/wp-json\/wp\/v2\/pages\/1286\/revisions\/3982"}],"up":[{"embeddable":true,"href":"https:\/\/seulatek.fi\/fi\/wp-json\/wp\/v2\/pages\/18"}],"wp:attachment":[{"href":"https:\/\/seulatek.fi\/fi\/wp-json\/wp\/v2\/media?parent=1286"}],"curies":[{"name":"wp","href":"https:\/\/api.w.org\/{rel}","templated":true}]}}