{"id":1342,"date":"2023-01-10T19:01:43","date_gmt":"2023-01-10T17:01:43","guid":{"rendered":"https:\/\/seulatek.fi\/fi\/?page_id=1342"},"modified":"2023-12-07T16:54:58","modified_gmt":"2023-12-07T14:54:58","slug":"kuljetinrullat","status":"publish","type":"page","link":"https:\/\/seulatek.fi\/fi\/tuotteet\/kuljetinrullat\/","title":{"rendered":"Kuljetinrullat"},"content":{"rendered":"<style>.kb-row-layout-id1342_513c3c-a6 > .kt-row-column-wrap{align-content:start;}:where(.kb-row-layout-id1342_513c3c-a6 > .kt-row-column-wrap) > .wp-block-kadence-column{justify-content:start;}.kb-row-layout-id1342_513c3c-a6 > .kt-row-column-wrap{column-gap:var(--global-kb-gap-md, 2rem);row-gap:var(--global-kb-gap-md, 2rem);max-width:800px;margin-left:auto;margin-right:auto;padding-top:0px;padding-bottom:0px;grid-template-columns:minmax(0, 1fr);}.kb-row-layout-id1342_513c3c-a6 > .kt-row-layout-overlay{opacity:0.30;}@media all and (max-width: 1024px){.kb-row-layout-id1342_513c3c-a6 > .kt-row-column-wrap{grid-template-columns:minmax(0, 1fr);}}@media all and (max-width: 767px){.kb-row-layout-id1342_513c3c-a6 > .kt-row-column-wrap{grid-template-columns:minmax(0, 1fr);}}<\/style><div class=\"kb-row-layout-wrap kb-row-layout-id1342_513c3c-a6 alignfull dos-product-intro wp-block-kadence-rowlayout\"><div class=\"kt-row-column-wrap kt-has-1-columns kt-row-layout-equal kt-tab-layout-inherit kt-mobile-layout-row kt-row-valign-top\">\n<style>.kadence-column1342_6cd7f5-b4 > .kt-inside-inner-col,.kadence-column1342_6cd7f5-b4 > .kt-inside-inner-col:before{border-top-left-radius:0px;border-top-right-radius:0px;border-bottom-right-radius:0px;border-bottom-left-radius:0px;}.kadence-column1342_6cd7f5-b4 > .kt-inside-inner-col{column-gap:var(--global-kb-gap-sm, 1rem);}.kadence-column1342_6cd7f5-b4 > .kt-inside-inner-col{flex-direction:column;}.kadence-column1342_6cd7f5-b4 > .kt-inside-inner-col > .aligncenter{width:100%;}.kadence-column1342_6cd7f5-b4 > .kt-inside-inner-col:before{opacity:0.3;}.kadence-column1342_6cd7f5-b4{position:relative;}@media all and (max-width: 1024px){.kadence-column1342_6cd7f5-b4 > .kt-inside-inner-col{flex-direction:column;justify-content:center;}}@media all and (max-width: 767px){.kadence-column1342_6cd7f5-b4 > .kt-inside-inner-col{flex-direction:column;justify-content:center;}}<\/style>\n<div class=\"wp-block-kadence-column kadence-column1342_6cd7f5-b4 inner-column-1\"><div class=\"kt-inside-inner-col\">\n<p class=\"has-text-align-center\">Valikoimastamme l\u00f6ytyy ter\u00e4srullia, riippurullia, kumipinnoitettuja rullia, paluurullia sek\u00e4 sivuohjainrullia. Vakiomittaisten rullien lis\u00e4ksi toimitamme muillakin mitoilla olevia rullia.<\/p>\n\n\n\n<div class=\"wp-block-buttons is-content-justification-center is-layout-flex wp-container-core-buttons-is-layout-a89b3969 wp-block-buttons-is-layout-flex\">\n<div class=\"wp-block-button dos-button-outline-blue\"><a class=\"wp-block-button__link wp-element-button\" href=\"https:\/\/seulatek.fi\/fi\/tuotekuvasto\/\">Avaa tuotekuvasto<\/a><\/div>\n<\/div>\n<\/div><\/div>\n\n<\/div><\/div>\n\n<style>.kb-row-layout-id1342_87a45d-5c > .kt-row-column-wrap{align-content:start;}:where(.kb-row-layout-id1342_87a45d-5c > .kt-row-column-wrap) > .wp-block-kadence-column{justify-content:start;}.kb-row-layout-id1342_87a45d-5c > .kt-row-column-wrap{column-gap:var(--global-kb-gap-md, 2rem);row-gap:var(--global-kb-gap-md, 2rem);max-width:var(--wp--style--global--content-size);padding-top:0px;padding-bottom:0px;grid-template-columns:minmax(0, 1fr);}.kb-row-layout-id1342_87a45d-5c > .kt-row-layout-overlay{opacity:0.30;}@media all and (max-width: 1024px){.kb-row-layout-id1342_87a45d-5c > .kt-row-column-wrap{grid-template-columns:minmax(0, 1fr);}}@media all and (max-width: 767px){.kb-row-layout-id1342_87a45d-5c > .kt-row-column-wrap{grid-template-columns:minmax(0, 1fr);}}<\/style><div class=\"kb-row-layout-wrap kb-row-layout-id1342_87a45d-5c alignfull dos-product-row wp-block-kadence-rowlayout\"><div class=\"kt-row-column-wrap kt-has-1-columns kt-row-layout-equal kt-tab-layout-inherit kt-mobile-layout-row kt-row-valign-top kb-theme-content-width\">\n<style>.kadence-column1342_ab660c-02 > .kt-inside-inner-col,.kadence-column1342_ab660c-02 > .kt-inside-inner-col:before{border-top-left-radius:0px;border-top-right-radius:0px;border-bottom-right-radius:0px;border-bottom-left-radius:0px;}.kadence-column1342_ab660c-02 > .kt-inside-inner-col{column-gap:var(--global-kb-gap-sm, 1rem);}.kadence-column1342_ab660c-02 > .kt-inside-inner-col{flex-direction:column;}.kadence-column1342_ab660c-02 > .kt-inside-inner-col > .aligncenter{width:100%;}.kadence-column1342_ab660c-02 > .kt-inside-inner-col:before{opacity:0.3;}.kadence-column1342_ab660c-02{position:relative;}@media all and (max-width: 1024px){.kadence-column1342_ab660c-02 > .kt-inside-inner-col{flex-direction:column;justify-content:center;}}@media all and (max-width: 767px){.kadence-column1342_ab660c-02 > .kt-inside-inner-col{flex-direction:column;justify-content:center;}}<\/style>\n<div class=\"wp-block-kadence-column kadence-column1342_ab660c-02 inner-column-1\"><div class=\"kt-inside-inner-col\">\n<div class=\"wp-block-query alignwide is-layout-constrained wp-block-query-is-layout-constrained\"><ul class=\"wp-block-post-template is-layout-flow wp-block-post-template-is-layout-flow\"><li class=\"wp-block-post post-1330 post type-post status-publish format-standard has-post-thumbnail hentry category-kuljetinrullat\">\n\n<div class=\"wp-block-columns alignwide is-layout-flex wp-container-core-columns-is-layout-28f84493 wp-block-columns-is-layout-flex\">\n<div class=\"wp-block-column is-vertically-aligned-center is-layout-flow wp-block-column-is-layout-flow\" style=\"flex-basis:33.33%\"><h2 class=\"wp-block-post-title\">Ter\u00e4srullat<\/h2>\n\n<div class=\"wp-block-post-excerpt\"><p class=\"wp-block-post-excerpt__excerpt\"> <\/p><\/div><\/div>\n\n\n\n<div class=\"wp-block-column is-layout-flow wp-block-column-is-layout-flow\" style=\"flex-basis:66.66%\"><figure class=\"wp-block-post-featured-image\"><img loading=\"lazy\" decoding=\"async\" width=\"337\" height=\"207\" src=\"https:\/\/seulatek.fi\/wp-content\/uploads\/Terasrullat.png\" class=\"attachment-post-thumbnail size-post-thumbnail wp-post-image\" alt=\"Ter\u00e4srullat tuotekuva\" style=\"object-fit:cover;\" \/><\/figure><\/div>\n<\/div>\n\n<\/li><li class=\"wp-block-post post-1333 post type-post status-publish format-standard has-post-thumbnail hentry category-kuljetinrullat\">\n\n<div class=\"wp-block-columns alignwide is-layout-flex wp-container-core-columns-is-layout-28f84493 wp-block-columns-is-layout-flex\">\n<div class=\"wp-block-column is-vertically-aligned-center is-layout-flow wp-block-column-is-layout-flow\" style=\"flex-basis:33.33%\"><h2 class=\"wp-block-post-title\">Kumipinnoitetut rullat<\/h2>\n\n<div class=\"wp-block-post-excerpt\"><p class=\"wp-block-post-excerpt__excerpt\"> <\/p><\/div><\/div>\n\n\n\n<div class=\"wp-block-column is-layout-flow wp-block-column-is-layout-flow\" style=\"flex-basis:66.66%\"><figure class=\"wp-block-post-featured-image\"><img loading=\"lazy\" decoding=\"async\" width=\"366\" height=\"212\" src=\"https:\/\/seulatek.fi\/wp-content\/uploads\/Kumipinnoitetut-rullat.png\" class=\"attachment-post-thumbnail size-post-thumbnail wp-post-image\" alt=\"Kumipinnoitetut rullat tuotekuva\" style=\"object-fit:cover;\" \/><\/figure><\/div>\n<\/div>\n\n<\/li><li class=\"wp-block-post post-1336 post type-post status-publish format-standard has-post-thumbnail hentry category-kuljetinrullat\">\n\n<div class=\"wp-block-columns alignwide is-layout-flex wp-container-core-columns-is-layout-28f84493 wp-block-columns-is-layout-flex\">\n<div class=\"wp-block-column is-vertically-aligned-center is-layout-flow wp-block-column-is-layout-flow\" style=\"flex-basis:33.33%\"><h2 class=\"wp-block-post-title\">Paluurullat<\/h2>\n\n<div class=\"wp-block-post-excerpt\"><p class=\"wp-block-post-excerpt__excerpt\"> <\/p><\/div><\/div>\n\n\n\n<div class=\"wp-block-column is-layout-flow wp-block-column-is-layout-flow\" style=\"flex-basis:66.66%\"><figure class=\"wp-block-post-featured-image\"><img loading=\"lazy\" decoding=\"async\" width=\"475\" height=\"212\" src=\"https:\/\/seulatek.fi\/wp-content\/uploads\/Paluurullat.png\" class=\"attachment-post-thumbnail size-post-thumbnail wp-post-image\" alt=\"Paluurullat tuotekuva\" style=\"object-fit:cover;\" \/><\/figure><\/div>\n<\/div>\n\n<\/li><li class=\"wp-block-post post-1339 post type-post status-publish format-standard has-post-thumbnail hentry category-kuljetinrullat\">\n\n<div class=\"wp-block-columns alignwide is-layout-flex wp-container-core-columns-is-layout-28f84493 wp-block-columns-is-layout-flex\">\n<div class=\"wp-block-column is-vertically-aligned-center is-layout-flow wp-block-column-is-layout-flow\" style=\"flex-basis:33.33%\"><h2 class=\"wp-block-post-title\">Sivuohjainrullat<\/h2>\n\n<div class=\"wp-block-post-excerpt\"><p class=\"wp-block-post-excerpt__excerpt\"> <\/p><\/div><\/div>\n\n\n\n<div class=\"wp-block-column is-layout-flow wp-block-column-is-layout-flow\" style=\"flex-basis:66.66%\"><figure class=\"wp-block-post-featured-image\"><img loading=\"lazy\" decoding=\"async\" width=\"650\" height=\"400\" src=\"https:\/\/seulatek.fi\/wp-content\/uploads\/Sivuohjainrullat.jpg\" class=\"attachment-post-thumbnail size-post-thumbnail wp-post-image\" alt=\"Sivuohjainrullat tuotekuva\" style=\"object-fit:cover;\" srcset=\"https:\/\/seulatek.fi\/wp-content\/uploads\/Sivuohjainrullat.jpg 650w, https:\/\/seulatek.fi\/wp-content\/uploads\/Sivuohjainrullat-600x369.jpg 600w\" sizes=\"auto, (max-width: 650px) 100vw, 650px\" \/><\/figure><\/div>\n<\/div>\n\n<\/li><li class=\"wp-block-post post-4155 post type-post status-publish format-standard has-post-thumbnail hentry category-kuljetinrullat\">\n\n<div class=\"wp-block-columns alignwide is-layout-flex wp-container-core-columns-is-layout-28f84493 wp-block-columns-is-layout-flex\">\n<div class=\"wp-block-column is-vertically-aligned-center is-layout-flow wp-block-column-is-layout-flow\" style=\"flex-basis:33.33%\"><h2 class=\"wp-block-post-title\">Vetorummut<\/h2>\n\n<div class=\"wp-block-post-excerpt\"><p class=\"wp-block-post-excerpt__excerpt\">Vetorummut toimitetaan yleens\u00e4 pinnoitettuna. Pinnoitteita saatavana useita eri vaihtoehtoja. Teemme vetorumpuja asiakkaan tarpeiden mukaan. <\/p><\/div><\/div>\n\n\n\n<div class=\"wp-block-column is-layout-flow wp-block-column-is-layout-flow\" style=\"flex-basis:66.66%\"><figure class=\"wp-block-post-featured-image\"><img loading=\"lazy\" decoding=\"async\" width=\"800\" height=\"600\" src=\"https:\/\/seulatek.fi\/wp-content\/uploads\/vetorumpu-jpg.webp\" class=\"attachment-post-thumbnail size-post-thumbnail wp-post-image\" alt=\"Vetorumpu\" style=\"object-fit:cover;\" srcset=\"https:\/\/seulatek.fi\/wp-content\/uploads\/vetorumpu-jpg.webp 800w, https:\/\/seulatek.fi\/wp-content\/uploads\/vetorumpu-600x450.webp 600w, https:\/\/seulatek.fi\/wp-content\/uploads\/vetorumpu-768x576.webp 768w\" sizes=\"auto, (max-width: 800px) 100vw, 800px\" \/><\/figure><\/div>\n<\/div>\n\n<\/li><li class=\"wp-block-post post-4160 post type-post status-publish format-standard has-post-thumbnail hentry category-kuljetinrullat\">\n\n<div class=\"wp-block-columns alignwide is-layout-flex wp-container-core-columns-is-layout-28f84493 wp-block-columns-is-layout-flex\">\n<div class=\"wp-block-column is-vertically-aligned-center is-layout-flow wp-block-column-is-layout-flow\" style=\"flex-basis:33.33%\"><h2 class=\"wp-block-post-title\">Taittorummut<\/h2>\n\n<div class=\"wp-block-post-excerpt\"><p class=\"wp-block-post-excerpt__excerpt\">Toimitamme kuljetinrumpuja sile\u00e4n\u00e4, rivoitettuna sek\u00e4 tarvittaessa pinnoitettuna. Teemme my\u00f6s erilaisia rumputyyppej\u00e4 mittatilausty\u00f6n\u00e4 asiakkaan toiveiden mukaan. <\/p><\/div><\/div>\n\n\n\n<div class=\"wp-block-column is-layout-flow wp-block-column-is-layout-flow\" style=\"flex-basis:66.66%\"><figure class=\"wp-block-post-featured-image\"><img loading=\"lazy\" decoding=\"async\" width=\"800\" height=\"600\" src=\"https:\/\/seulatek.fi\/wp-content\/uploads\/taittorumpu-jpg.webp\" class=\"attachment-post-thumbnail size-post-thumbnail wp-post-image\" alt=\"Taittorumpu\" style=\"object-fit:cover;\" srcset=\"https:\/\/seulatek.fi\/wp-content\/uploads\/taittorumpu-jpg.webp 800w, https:\/\/seulatek.fi\/wp-content\/uploads\/taittorumpu-600x450.webp 600w, https:\/\/seulatek.fi\/wp-content\/uploads\/taittorumpu-768x576.webp 768w\" sizes=\"auto, (max-width: 800px) 100vw, 800px\" \/><\/figure><\/div>\n<\/div>\n\n<\/li><\/ul><\/div>\n<\/div><\/div>\n\n<\/div><\/div>","protected":false},"excerpt":{"rendered":"<p>Valikoimastamme l\u00f6ytyy ter\u00e4srullia, riippurullia, kumipinnoitettuja rullia, paluurullia sek\u00e4 sivuohjainrullia. Vakiomittaisten rullien lis\u00e4ksi toimitamme muillakin mitoilla olevia rullia.<\/p>\n","protected":false},"author":1,"featured_media":0,"parent":18,"menu_order":0,"comment_status":"closed","ping_status":"closed","template":"","meta":{"inline_featured_image":false,"_uag_custom_page_level_css":"","site-sidebar-layout":"default","site-content-layout":"","ast-site-content-layout":"default","site-content-style":"default","site-sidebar-style":"default","ast-global-header-display":"","ast-banner-title-visibility":"","ast-main-header-display":"","ast-hfb-above-header-display":"","ast-hfb-below-header-display":"","ast-hfb-mobile-header-display":"","site-post-title":"","ast-breadcrumbs-content":"","ast-featured-img":"","footer-sml-layout":"","ast-disable-related-posts":"","theme-transparent-header-meta":"","adv-header-id-meta":"","stick-header-meta":"","header-above-stick-meta":"","header-main-stick-meta":"","header-below-stick-meta":"","astra-migrate-meta-layouts":"set","ast-page-background-enabled":"default","ast-page-background-meta":{"desktop":{"background-color":"var(--ast-global-color-4)","background-image":"","background-repeat":"repeat","background-position":"center center","background-size":"auto","background-attachment":"scroll","background-type":"","background-media":"","overlay-type":"","overlay-color":"","overlay-opacity":"","overlay-gradient":""},"tablet":{"background-color":"","background-image":"","background-repeat":"repeat","background-position":"center center","background-size":"auto","background-attachment":"scroll","background-type":"","background-media":"","overlay-type":"","overlay-color":"","overlay-opacity":"","overlay-gradient":""},"mobile":{"background-color":"","background-image":"","background-repeat":"repeat","background-position":"center center","background-size":"auto","background-attachment":"scroll","background-type":"","background-media":"","overlay-type":"","overlay-color":"","overlay-opacity":"","overlay-gradient":""}},"ast-content-background-meta":{"desktop":{"background-color":"var(--ast-global-color-5)","background-image":"","background-repeat":"repeat","background-position":"center center","background-size":"auto","background-attachment":"scroll","background-type":"","background-media":"","overlay-type":"","overlay-color":"","overlay-opacity":"","overlay-gradient":""},"tablet":{"background-color":"var(--ast-global-color-5)","background-image":"","background-repeat":"repeat","background-position":"center center","background-size":"auto","background-attachment":"scroll","background-type":"","background-media":"","overlay-type":"","overlay-color":"","overlay-opacity":"","overlay-gradient":""},"mobile":{"background-color":"var(--ast-global-color-5)","background-image":"","background-repeat":"repeat","background-position":"center center","background-size":"auto","background-attachment":"scroll","background-type":"","background-media":"","overlay-type":"","overlay-color":"","overlay-opacity":"","overlay-gradient":""}},"footnotes":""},"class_list":["post-1342","page","type-page","status-publish","hentry"],"spectra_custom_meta":{"_cdp_origin":["1286","834"],"_cdp_origin_site":["-1"],"_cdp_origin_title":[" Kulutuskumit #[Counter]"],"_cdp_counter":["3"],"_edit_last":["1"],"_edit_lock":["1701960902:1"],"_wpml_media_featured":["1"],"_wpml_media_duplicate":["0"],"_wpml_word_count":["{\"total\":30,\"to_translate\":{\"en\":11,\"sv\":11}}"],"_wpml_location_migration_done":["1"],"_genesis_description":["Valikoimastamme l\u00f6ytyy ter\u00e4srullia, riippurullia, kumipinnoitettuja rullia, paluurullia sek\u00e4 sivuohjainrullia."],"cmplz_hide_cookiebanner":[""],"footnotes":[""],"_uag_custom_page_level_css":[""],"ast-site-content-layout":["default"],"theme-transparent-header-meta":[""],"adv-header-id-meta":[""],"stick-header-meta":[""],"astra-migrate-meta-layouts":["set"],"_uag_page_assets":["a:9:{s:3:\"css\";s:263:\".uag-blocks-common-selector{z-index:var(--z-index-desktop) !important}@media (max-width: 976px){.uag-blocks-common-selector{z-index:var(--z-index-tablet) !important}}@media (max-width: 767px){.uag-blocks-common-selector{z-index:var(--z-index-mobile) !important}}\n\";s:2:\"js\";s:0:\"\";s:18:\"current_block_list\";a:21:{i:0;s:17:\"kadence\/rowlayout\";i:1;s:14:\"kadence\/column\";i:2;s:14:\"core\/paragraph\";i:3;s:12:\"core\/buttons\";i:4;s:11:\"core\/button\";i:7;s:10:\"core\/query\";i:8;s:18:\"core\/post-template\";i:9;s:12:\"core\/columns\";i:10;s:11:\"core\/column\";i:11;s:15:\"core\/post-title\";i:12;s:17:\"core\/post-excerpt\";i:14;s:24:\"core\/post-featured-image\";i:15;s:11:\"core\/search\";i:16;s:10:\"core\/group\";i:17;s:12:\"core\/heading\";i:18;s:17:\"core\/latest-posts\";i:19;s:20:\"core\/latest-comments\";i:20;s:13:\"core\/archives\";i:21;s:15:\"core\/categories\";i:22;s:10:\"core\/image\";i:23;s:13:\"kadence\/posts\";}s:8:\"uag_flag\";b:0;s:11:\"uag_version\";s:10:\"1775881109\";s:6:\"gfonts\";a:0:{}s:10:\"gfonts_url\";s:0:\"\";s:12:\"gfonts_files\";a:0:{}s:14:\"uag_faq_layout\";b:0;}"],"_uag_migration_processed":["1"],"astra_style_timestamp_css":["1775149563"],"_uag_css_file_name":["uag-css-1342.css"]},"uagb_featured_image_src":{"full":false,"thumbnail":false,"medium":false,"medium_large":false,"large":false,"1536x1536":false,"2048x2048":false},"uagb_author_info":{"display_name":"dos-admin","author_link":"https:\/\/seulatek.fi\/fi\/author\/dos-admin\/"},"uagb_comment_info":0,"uagb_excerpt":"Valikoimastamme l\u00f6ytyy ter\u00e4srullia, riippurullia, kumipinnoitettuja rullia, paluurullia sek\u00e4 sivuohjainrullia. Vakiomittaisten rullien lis\u00e4ksi toimitamme muillakin mitoilla olevia rullia.","_links":{"self":[{"href":"https:\/\/seulatek.fi\/fi\/wp-json\/wp\/v2\/pages\/1342","targetHints":{"allow":["GET"]}}],"collection":[{"href":"https:\/\/seulatek.fi\/fi\/wp-json\/wp\/v2\/pages"}],"about":[{"href":"https:\/\/seulatek.fi\/fi\/wp-json\/wp\/v2\/types\/page"}],"author":[{"embeddable":true,"href":"https:\/\/seulatek.fi\/fi\/wp-json\/wp\/v2\/users\/1"}],"replies":[{"embeddable":true,"href":"https:\/\/seulatek.fi\/fi\/wp-json\/wp\/v2\/comments?post=1342"}],"version-history":[{"count":2,"href":"https:\/\/seulatek.fi\/fi\/wp-json\/wp\/v2\/pages\/1342\/revisions"}],"predecessor-version":[{"id":4152,"href":"https:\/\/seulatek.fi\/fi\/wp-json\/wp\/v2\/pages\/1342\/revisions\/4152"}],"up":[{"embeddable":true,"href":"https:\/\/seulatek.fi\/fi\/wp-json\/wp\/v2\/pages\/18"}],"wp:attachment":[{"href":"https:\/\/seulatek.fi\/fi\/wp-json\/wp\/v2\/media?parent=1342"}],"curies":[{"name":"wp","href":"https:\/\/api.w.org\/{rel}","templated":true}]}}