{"id":16,"date":"2022-03-16T15:03:40","date_gmt":"2022-03-16T13:03:40","guid":{"rendered":"https:\/\/seulatek.fi\/?page_id=16"},"modified":"2023-06-08T10:09:14","modified_gmt":"2023-06-08T07:09:14","slug":"tietoa-meista","status":"publish","type":"page","link":"https:\/\/seulatek.fi\/fi\/tietoa-meista\/","title":{"rendered":"Tietoa meist\u00e4"},"content":{"rendered":"<style>.kb-row-layout-id_283692-91 > .kt-row-column-wrap{align-content:start;}:where(.kb-row-layout-id_283692-91 > .kt-row-column-wrap) > .wp-block-kadence-column{justify-content:start;}.kb-row-layout-id_283692-91 > .kt-row-column-wrap{column-gap:var(--global-kb-gap-md, 2rem);row-gap:var(--global-kb-gap-md, 2rem);max-width:1200px;margin-left:auto;margin-right:auto;padding-top:var(--global-kb-spacing-sm, 1.5rem);padding-bottom:var(--global-kb-spacing-sm, 1.5rem);grid-template-columns:minmax(0, 1fr);}.kb-row-layout-id_283692-91 > .kt-row-layout-overlay{opacity:0.30;}@media all and (max-width: 1024px){.kb-row-layout-id_283692-91 > .kt-row-column-wrap{grid-template-columns:minmax(0, 1fr);}}@media all and (max-width: 767px){.kb-row-layout-id_283692-91 > .kt-row-column-wrap{grid-template-columns:minmax(0, 1fr);}}<\/style><main class=\"kb-row-layout-wrap kb-row-layout-id_283692-91 alignfull dos-page-maincontent wp-block-kadence-rowlayout\"><div class=\"kt-row-column-wrap kt-has-1-columns kt-row-layout-equal kt-tab-layout-inherit kt-mobile-layout-row kt-row-valign-top\">\n<style>.kadence-column_ecc3d0-de > .kt-inside-inner-col,.kadence-column_ecc3d0-de > .kt-inside-inner-col:before{border-top-left-radius:0px;border-top-right-radius:0px;border-bottom-right-radius:0px;border-bottom-left-radius:0px;}.kadence-column_ecc3d0-de > .kt-inside-inner-col{column-gap:var(--global-kb-gap-sm, 1rem);}.kadence-column_ecc3d0-de > .kt-inside-inner-col{flex-direction:column;}.kadence-column_ecc3d0-de > .kt-inside-inner-col > .aligncenter{width:100%;}.kadence-column_ecc3d0-de > .kt-inside-inner-col:before{opacity:0.3;}.kadence-column_ecc3d0-de{position:relative;}@media all and (max-width: 1024px){.kadence-column_ecc3d0-de > .kt-inside-inner-col{flex-direction:column;justify-content:center;}}@media all and (max-width: 767px){.kadence-column_ecc3d0-de > .kt-inside-inner-col{flex-direction:column;justify-content:center;}}<\/style>\n<div class=\"wp-block-kadence-column kadence-column_ecc3d0-de inner-column-1\"><div class=\"kt-inside-inner-col\">\n<h2 class=\"wp-block-heading\">Seulatek ja Ferlatek yhdistyiv\u00e4t<\/h2>\n\n\n\n<p>Yhdistimme voimamme syksyll\u00e4 2019 tehostaaksemme liiketoimintojamme. Yhten\u00e4 tavoitteenamme yhdistymisen kautta oli parantaa toimitusvalmiutta ja lis\u00e4ksi kasvattaa tuotevalikoimaamme.<\/p>\n\n\n\n<p>Molemmilla yrityksill\u00e4 Ferlatek ja Seulatek on vahva osaaminen ja pitk\u00e4 historia seulaverkkojen, tarvikkeiden sek\u00e4 kulutusosien jalostuksesta ja myynnist\u00e4 maarakennusalan yrityksille ja yritt\u00e4jille vuodesta Ferlatek 1988 ja Seulatek 1995 l\u00e4htien.<\/p>\n\n\n\n<p>Yhdistymisen j\u00e4lkeenkin olemme kuitenkin toimineet edelleen samoissa toimipisteiss\u00e4mme Lemp\u00e4\u00e4l\u00e4ss\u00e4 ja Tammisaaressa.<\/p>\n\n\n\n<h2 class=\"wp-block-heading\">Entist\u00e4 parempi toimitusvarmuus ja -nopeus<\/h2>\n\n\n\n<p>Seulaverkkojen, kulutusosien ja tarvikkeiden toimitusnopeus ja -varmuus merkitsev\u00e4t meille ja meid\u00e4n asiakkaillemme l\u00e4hes aina tuottavaa ty\u00f6aikaa ja siten my\u00f6s kannattavaa liiketoimintaa. Siksi olemme yhteisty\u00f6ss\u00e4 panostanut entist\u00e4 enemm\u00e4n n\u00e4ihin asioihin.<\/p>\n\n\n\n<p>Tuotteiden korkean laadun yll\u00e4pit\u00e4miseksi ja edelleen kehitt\u00e4miseksi olemme uudistaneet mm. toiminnonohjausj\u00e4rjestelm\u00e4mme, hankkineet uusia tuotantokoneita sek\u00e4 lis\u00e4nneet laaduntarkkailua. Esimerkiksi seulaverkot kudotaan omissa tiloissa ja omilla kudontakoneillamme, kuten olemme aiemminkin tehneet.<\/p>\n\n\n\n<p>Tavoitteenamme on jatkossa olla viel\u00e4kin luotettavampia kumppaneita asiakkaillemme.<\/p>\n<\/div><\/div>\n\n<\/div><\/main>","protected":false},"excerpt":{"rendered":"<p>Seulatek ja Ferlatek yhdistyiv\u00e4t Yhdistimme voimamme syksyll\u00e4 2019 tehostaaksemme liiketoimintojamme. Yhten\u00e4 tavoitteenamme yhdistymisen kautta oli parantaa toimitusvalmiutta ja lis\u00e4ksi kasvattaa tuotevalikoimaamme. Molemmilla yrityksill\u00e4 Ferlatek ja Seulatek on vahva osaaminen ja pitk\u00e4 historia seulaverkkojen, tarvikkeiden sek\u00e4 kulutusosien jalostuksesta ja myynnist\u00e4 maarakennusalan yrityksille ja yritt\u00e4jille vuodesta Ferlatek 1988 ja Seulatek 1995 l\u00e4htien. Yhdistymisen j\u00e4lkeenkin olemme kuitenkin toimineet [&hellip;]<\/p>\n","protected":false},"author":1,"featured_media":0,"parent":0,"menu_order":0,"comment_status":"closed","ping_status":"closed","template":"","meta":{"inline_featured_image":false,"_uag_custom_page_level_css":"","site-sidebar-layout":"default","site-content-layout":"","ast-site-content-layout":"default","site-content-style":"default","site-sidebar-style":"default","ast-global-header-display":"","ast-banner-title-visibility":"","ast-main-header-display":"","ast-hfb-above-header-display":"","ast-hfb-below-header-display":"","ast-hfb-mobile-header-display":"","site-post-title":"disabled","ast-breadcrumbs-content":"","ast-featured-img":"","footer-sml-layout":"","ast-disable-related-posts":"","theme-transparent-header-meta":"default","adv-header-id-meta":"","stick-header-meta":"","header-above-stick-meta":"","header-main-stick-meta":"","header-below-stick-meta":"","astra-migrate-meta-layouts":"default","ast-page-background-enabled":"default","ast-page-background-meta":{"desktop":{"background-color":"var(--ast-global-color-4)","background-image":"","background-repeat":"repeat","background-position":"center center","background-size":"auto","background-attachment":"scroll","background-type":"","background-media":"","overlay-type":"","overlay-color":"","overlay-opacity":"","overlay-gradient":""},"tablet":{"background-color":"","background-image":"","background-repeat":"repeat","background-position":"center center","background-size":"auto","background-attachment":"scroll","background-type":"","background-media":"","overlay-type":"","overlay-color":"","overlay-opacity":"","overlay-gradient":""},"mobile":{"background-color":"","background-image":"","background-repeat":"repeat","background-position":"center center","background-size":"auto","background-attachment":"scroll","background-type":"","background-media":"","overlay-type":"","overlay-color":"","overlay-opacity":"","overlay-gradient":""}},"ast-content-background-meta":{"desktop":{"background-color":"var(--ast-global-color-5)","background-image":"","background-repeat":"repeat","background-position":"center center","background-size":"auto","background-attachment":"scroll","background-type":"","background-media":"","overlay-type":"","overlay-color":"","overlay-opacity":"","overlay-gradient":""},"tablet":{"background-color":"var(--ast-global-color-5)","background-image":"","background-repeat":"repeat","background-position":"center center","background-size":"auto","background-attachment":"scroll","background-type":"","background-media":"","overlay-type":"","overlay-color":"","overlay-opacity":"","overlay-gradient":""},"mobile":{"background-color":"var(--ast-global-color-5)","background-image":"","background-repeat":"repeat","background-position":"center center","background-size":"auto","background-attachment":"scroll","background-type":"","background-media":"","overlay-type":"","overlay-color":"","overlay-opacity":"","overlay-gradient":""}},"footnotes":""},"class_list":["post-16","page","type-page","status-publish","hentry"],"spectra_custom_meta":{"_edit_lock":["1686210840:1"],"_edit_last":["1"],"site-post-title":["disabled"],"theme-transparent-header-meta":["default"],"adv-header-id-meta":[""],"stick-header-meta":[""],"_wpml_media_featured":["1"],"_wpml_media_duplicate":["0"],"_wpml_word_count":["{\"total\":159,\"to_translate\":{\"en\":27,\"sv\":27}}"],"_wpml_location_migration_done":["1"],"cmplz_hide_cookiebanner":[""],"_genesis_title":["Tietoa meist\u00e4"],"_genesis_description":["Seulaverkkojen, kulutusosien ja tarvikkeiden toimitusnopeus ja &#x2d;varmuus merkitsev\u00e4t meille ja meid\u00e4n asiakkaillemme l\u00e4hes aina tuottavaa ty\u00f6aikaa ja siten my\u00f6s kannattavaa liiketoimintaa."],"_uag_page_assets":["a:9:{s:3:\"css\";s:263:\".uag-blocks-common-selector{z-index:var(--z-index-desktop) !important}@media (max-width: 976px){.uag-blocks-common-selector{z-index:var(--z-index-tablet) !important}}@media (max-width: 767px){.uag-blocks-common-selector{z-index:var(--z-index-mobile) !important}}\n\";s:2:\"js\";s:0:\"\";s:18:\"current_block_list\";a:14:{i:0;s:17:\"kadence\/rowlayout\";i:1;s:14:\"kadence\/column\";i:2;s:12:\"core\/heading\";i:3;s:14:\"core\/paragraph\";i:4;s:11:\"core\/search\";i:5;s:10:\"core\/group\";i:6;s:17:\"core\/latest-posts\";i:7;s:20:\"core\/latest-comments\";i:8;s:13:\"core\/archives\";i:9;s:15:\"core\/categories\";i:10;s:10:\"core\/image\";i:11;s:13:\"kadence\/posts\";i:12;s:12:\"core\/buttons\";i:13;s:11:\"core\/button\";}s:8:\"uag_flag\";b:0;s:11:\"uag_version\";s:10:\"1777651848\";s:6:\"gfonts\";a:0:{}s:10:\"gfonts_url\";s:0:\"\";s:12:\"gfonts_files\";a:0:{}s:14:\"uag_faq_layout\";b:0;}"],"_uag_migration_processed":["1"],"astra_style_timestamp_css":["1776347908"],"_uag_css_file_name":["uag-css-16.css"]},"uagb_featured_image_src":{"full":false,"thumbnail":false,"medium":false,"medium_large":false,"large":false,"1536x1536":false,"2048x2048":false},"uagb_author_info":{"display_name":"dos-admin","author_link":"https:\/\/seulatek.fi\/fi\/author\/dos-admin\/"},"uagb_comment_info":0,"uagb_excerpt":"Seulatek ja Ferlatek yhdistyiv\u00e4t Yhdistimme voimamme syksyll\u00e4 2019 tehostaaksemme liiketoimintojamme. Yhten\u00e4 tavoitteenamme yhdistymisen kautta oli parantaa toimitusvalmiutta ja lis\u00e4ksi kasvattaa tuotevalikoimaamme. Molemmilla yrityksill\u00e4 Ferlatek ja Seulatek on vahva osaaminen ja pitk\u00e4 historia seulaverkkojen, tarvikkeiden sek\u00e4 kulutusosien jalostuksesta ja myynnist\u00e4 maarakennusalan yrityksille ja yritt\u00e4jille vuodesta Ferlatek 1988 ja Seulatek 1995 l\u00e4htien. Yhdistymisen j\u00e4lkeenkin olemme kuitenkin toimineet&hellip;","_links":{"self":[{"href":"https:\/\/seulatek.fi\/fi\/wp-json\/wp\/v2\/pages\/16","targetHints":{"allow":["GET"]}}],"collection":[{"href":"https:\/\/seulatek.fi\/fi\/wp-json\/wp\/v2\/pages"}],"about":[{"href":"https:\/\/seulatek.fi\/fi\/wp-json\/wp\/v2\/types\/page"}],"author":[{"embeddable":true,"href":"https:\/\/seulatek.fi\/fi\/wp-json\/wp\/v2\/users\/1"}],"replies":[{"embeddable":true,"href":"https:\/\/seulatek.fi\/fi\/wp-json\/wp\/v2\/comments?post=16"}],"version-history":[{"count":1,"href":"https:\/\/seulatek.fi\/fi\/wp-json\/wp\/v2\/pages\/16\/revisions"}],"predecessor-version":[{"id":4109,"href":"https:\/\/seulatek.fi\/fi\/wp-json\/wp\/v2\/pages\/16\/revisions\/4109"}],"wp:attachment":[{"href":"https:\/\/seulatek.fi\/fi\/wp-json\/wp\/v2\/media?parent=16"}],"curies":[{"name":"wp","href":"https:\/\/api.w.org\/{rel}","templated":true}]}}